{"id":12,"date":"2015-03-25T15:26:14","date_gmt":"2015-03-25T14:26:14","guid":{"rendered":"http:\/\/specialvirke.se\/?page_id=12"},"modified":"2015-03-25T15:26:54","modified_gmt":"2015-03-25T14:26:54","slug":"12-2","status":"publish","type":"page","link":"http:\/\/specialvirke.se\/","title":{"rendered":"Specialvirke AB &#8211; ett f\u00f6retag som st\u00e5r p\u00e5 flera ben"},"content":{"rendered":"<p>Huvudverksamheten \u00e4r handel med virke och transport p\u00e5 j\u00e4rnv\u00e4g, vi utf\u00f6r transportuppdrag \u00e5t kunder och leverant\u00f6rer och vi arbetar med specialsortiment av alla tr\u00e4dslag.<\/p>\n<p>Vi arbetar f\u00f6r att leverant\u00f6rer av virkesr\u00e5vara ska m\u00f6jlighet att, b\u00e5de genom sortimentsval och bra logistikl\u00f6sningar, hitta det mest attraktiva valet f\u00f6r sin virkesleverans och f\u00f6r att kunderna, f\u00f6r\u00e4dlarna, ska f\u00e5 tillg\u00e5ng till en s\u00e5 r\u00e4tt anpassad r\u00e5vara som m\u00f6jligt, r\u00e4tt volym och i r\u00e4tt takt.<\/p>\n<p>Genom samarbete med t\u00e5goperat\u00f6rer och andra f\u00f6retag som arbetar med andra logistikuppl\u00e4gg vill vi skapa den b\u00e4sta logistikl\u00f6sningen f\u00f6r den r\u00e5vara vi transporterar.<\/p>\n<p><strong>Specialvirke AB &#8211; Vi kan virke, t\u00e5g och specialsortiment!<\/strong><\/p>\n<p>V\u00e4lkomna!<\/p>\n<p>Anders Carlsson<\/p>\n","protected":false},"excerpt":{"rendered":"<p>Huvudverksamheten \u00e4r handel med virke och transport p\u00e5 j\u00e4rnv\u00e4g, vi utf\u00f6r transportuppdrag \u00e5t kunder och leverant\u00f6rer och vi arbetar med specialsortiment av alla tr\u00e4dslag. Vi arbetar f\u00f6r att leverant\u00f6rer av virkesr\u00e5vara ska m\u00f6jlighet att, b\u00e5de genom sortimentsval och bra logistikl\u00f6sningar, hitta det mest attraktiva valet f\u00f6r sin virkesleverans och f\u00f6r att kunderna, f\u00f6r\u00e4dlarna, ska f\u00e5 [&hellip;]<\/p>\n","protected":false},"author":1,"featured_media":13,"parent":0,"menu_order":0,"comment_status":"open","ping_status":"open","template":"","meta":{"footnotes":""},"_links":{"self":[{"href":"http:\/\/specialvirke.se\/index.php?rest_route=\/wp\/v2\/pages\/12"}],"collection":[{"href":"http:\/\/specialvirke.se\/index.php?rest_route=\/wp\/v2\/pages"}],"about":[{"href":"http:\/\/specialvirke.se\/index.php?rest_route=\/wp\/v2\/types\/page"}],"author":[{"embeddable":true,"href":"http:\/\/specialvirke.se\/index.php?rest_route=\/wp\/v2\/users\/1"}],"replies":[{"embeddable":true,"href":"http:\/\/specialvirke.se\/index.php?rest_route=%2Fwp%2Fv2%2Fcomments&post=12"}],"version-history":[{"count":2,"href":"http:\/\/specialvirke.se\/index.php?rest_route=\/wp\/v2\/pages\/12\/revisions"}],"predecessor-version":[{"id":16,"href":"http:\/\/specialvirke.se\/index.php?rest_route=\/wp\/v2\/pages\/12\/revisions\/16"}],"wp:featuredmedia":[{"embeddable":true,"href":"http:\/\/specialvirke.se\/index.php?rest_route=\/wp\/v2\/media\/13"}],"wp:attachment":[{"href":"http:\/\/specialvirke.se\/index.php?rest_route=%2Fwp%2Fv2%2Fmedia&parent=12"}],"curies":[{"name":"wp","href":"https:\/\/api.w.org\/{rel}","templated":true}]}}