{"id":18,"date":"2015-03-25T15:29:22","date_gmt":"2015-03-25T14:29:22","guid":{"rendered":"http:\/\/specialvirke.se\/?page_id=18"},"modified":"2022-02-07T20:01:36","modified_gmt":"2022-02-07T19:01:36","slug":"transportuppdrag","status":"publish","type":"page","link":"http:\/\/specialvirke.se\/?page_id=18","title":{"rendered":"Transportuppdrag"},"content":{"rendered":"<p>Vi lastar om fr\u00e5n lastbil till t\u00e5g p\u00e5 ett 50-tal olika omlastningsplatser i Sverige f\u00f6r t\u00e5gtransport mot industri.<\/p>\n<p>Ni \u00e4r v\u00e4lkomna att kontakta oss f\u00f6r att kontrollera m\u00f6jlighet att transportera ert virke med t\u00e5g och f\u00e5 ett kostnadsf\u00f6rslag fr\u00e5n oss. Vi hanterar f\u00f6rfr\u00e5gningar s\u00e5 snabbt som det \u00e4r m\u00f6jligt.<\/p>\n<p><strong>Kontaktperson<\/strong><\/p>\n<p><strong><img loading=\"lazy\" decoding=\"async\" class=\"alignleft wp-image-81 size-full\" src=\"http:\/\/specialvirke.se\/wp-content\/uploads\/2022\/02\/SP-211111-7319.jpg\" alt=\"\" width=\"375\" height=\"300\" srcset=\"http:\/\/specialvirke.se\/wp-content\/uploads\/2022\/02\/SP-211111-7319.jpg 375w, http:\/\/specialvirke.se\/wp-content\/uploads\/2022\/02\/SP-211111-7319-300x240.jpg 300w, http:\/\/specialvirke.se\/wp-content\/uploads\/2022\/02\/SP-211111-7319-200x160.jpg 200w\" sizes=\"(max-width: 375px) 100vw, 375px\" \/>Anders Carlsson<\/strong><br \/>\n0451-849 00<br \/>\n070-537 45 90<\/p>\n<p><a href=\"mailto:anders@specialvirke.se\">anders@specialvirke.se<\/a><\/p>\n","protected":false},"excerpt":{"rendered":"<p>Vi lastar om fr\u00e5n lastbil till t\u00e5g p\u00e5 ett 50-tal olika omlastningsplatser i Sverige f\u00f6r t\u00e5gtransport mot industri. Ni \u00e4r v\u00e4lkomna att kontakta oss f\u00f6r att kontrollera m\u00f6jlighet att transportera ert virke med t\u00e5g och f\u00e5 ett kostnadsf\u00f6rslag fr\u00e5n oss. Vi hanterar f\u00f6rfr\u00e5gningar s\u00e5 snabbt som det \u00e4r m\u00f6jligt. Kontaktperson Anders Carlsson 0451-849 00 070-537 [&hellip;]<\/p>\n","protected":false},"author":1,"featured_media":19,"parent":0,"menu_order":0,"comment_status":"open","ping_status":"open","template":"","meta":{"footnotes":""},"_links":{"self":[{"href":"http:\/\/specialvirke.se\/index.php?rest_route=\/wp\/v2\/pages\/18"}],"collection":[{"href":"http:\/\/specialvirke.se\/index.php?rest_route=\/wp\/v2\/pages"}],"about":[{"href":"http:\/\/specialvirke.se\/index.php?rest_route=\/wp\/v2\/types\/page"}],"author":[{"embeddable":true,"href":"http:\/\/specialvirke.se\/index.php?rest_route=\/wp\/v2\/users\/1"}],"replies":[{"embeddable":true,"href":"http:\/\/specialvirke.se\/index.php?rest_route=%2Fwp%2Fv2%2Fcomments&post=18"}],"version-history":[{"count":2,"href":"http:\/\/specialvirke.se\/index.php?rest_route=\/wp\/v2\/pages\/18\/revisions"}],"predecessor-version":[{"id":96,"href":"http:\/\/specialvirke.se\/index.php?rest_route=\/wp\/v2\/pages\/18\/revisions\/96"}],"wp:featuredmedia":[{"embeddable":true,"href":"http:\/\/specialvirke.se\/index.php?rest_route=\/wp\/v2\/media\/19"}],"wp:attachment":[{"href":"http:\/\/specialvirke.se\/index.php?rest_route=%2Fwp%2Fv2%2Fmedia&parent=18"}],"curies":[{"name":"wp","href":"https:\/\/api.w.org\/{rel}","templated":true}]}}