{"id":22,"date":"2015-03-25T15:30:23","date_gmt":"2015-03-25T14:30:23","guid":{"rendered":"http:\/\/specialvirke.se\/?page_id=22"},"modified":"2020-01-31T18:42:54","modified_gmt":"2020-01-31T17:42:54","slug":"vad-vi-gor","status":"publish","type":"page","link":"http:\/\/specialvirke.se\/?page_id=22","title":{"rendered":"Vad vi g\u00f6r"},"content":{"rendered":"<p>Specialvirke AB \u00e4r ett f\u00f6retag som st\u00e5r p\u00e5 flera ben<\/p>\n<ul>\n<li>Vi bedriver handel med\u00a0<b>specialsortiment<\/b>\u00a0av samtliga tr\u00e4dslag. Syftet \u00e4r att bist\u00e5 skogsn\u00e4ringen med m\u00f6jligheter till f\u00f6rs\u00e4ljning och k\u00f6p av kundanpassad virkesr\u00e5vara f\u00f6r b\u00e4sta m\u00f6jliga l\u00f6nsamhet.<\/li>\n<li>Vi bedriver handel med och arbetar med logistikl\u00f6sningar f\u00f6r rundvirke av alla sortiment.\u00a0<b>T\u00e5glogistik\u00a0<\/b>\u00e4r basen i denna verksamhet och detta \u00e4r\u00a0<b>Specialvirkes viktigaste kompetensomr\u00e5de.<\/b><\/li>\n<\/ul>\n<p>Avsikten \u00e4r att skapa m\u00f6jlighet f\u00f6r skogsbruket att hitta den avs\u00e4ttning som passar b\u00e4st f\u00f6r virke av olika sortiment samt att se till att s\u00e5gverk och annan industri f\u00e5r m\u00f6jlighet att f\u00e5 tillg\u00e5ng till detta virke.<\/p>\n<ul>\n<li>Vi utf\u00f6r\u00a0<b>transportuppdrag<\/b>\u00a0\u00e5t leverant\u00f6rer och kunder med\u00a0<b>t\u00e5g<\/b>\u00a0f\u00f6r att skapa ytterligare m\u00f6jligheter till ovanst\u00e5ende.<\/li>\n<li>Vi arbetar tillsammans med andra virkeshandels- och logistikf\u00f6retag f\u00f6r att hitta flera och anpassade logistikl\u00f6sningar f\u00f6r rundvirke och flis.<\/li>\n<li>Specialvirke arbetar med\u00a0<b>utveckling<\/b>\u00a0av och med olika\u00a0<b>skogliga logistiksystem<\/b>\u00a0och \u00e4r inblandade i utveckling av\u00a0<b>virkeshanterings- och m\u00e4rkningsmetoder<\/b>\u00a0f\u00f6r timmer och andra sortiment.<\/li>\n<\/ul>\n","protected":false},"excerpt":{"rendered":"<p>Specialvirke AB \u00e4r ett f\u00f6retag som st\u00e5r p\u00e5 flera ben Vi bedriver handel med\u00a0specialsortiment\u00a0av samtliga tr\u00e4dslag. Syftet \u00e4r att bist\u00e5 skogsn\u00e4ringen med m\u00f6jligheter till f\u00f6rs\u00e4ljning och k\u00f6p av kundanpassad virkesr\u00e5vara f\u00f6r b\u00e4sta m\u00f6jliga l\u00f6nsamhet. Vi bedriver handel med och arbetar med logistikl\u00f6sningar f\u00f6r rundvirke av alla sortiment.\u00a0T\u00e5glogistik\u00a0\u00e4r basen i denna verksamhet och detta \u00e4r\u00a0Specialvirkes viktigaste [&hellip;]<\/p>\n","protected":false},"author":1,"featured_media":65,"parent":0,"menu_order":0,"comment_status":"open","ping_status":"open","template":"","meta":{"footnotes":""},"_links":{"self":[{"href":"http:\/\/specialvirke.se\/index.php?rest_route=\/wp\/v2\/pages\/22"}],"collection":[{"href":"http:\/\/specialvirke.se\/index.php?rest_route=\/wp\/v2\/pages"}],"about":[{"href":"http:\/\/specialvirke.se\/index.php?rest_route=\/wp\/v2\/types\/page"}],"author":[{"embeddable":true,"href":"http:\/\/specialvirke.se\/index.php?rest_route=\/wp\/v2\/users\/1"}],"replies":[{"embeddable":true,"href":"http:\/\/specialvirke.se\/index.php?rest_route=%2Fwp%2Fv2%2Fcomments&post=22"}],"version-history":[{"count":4,"href":"http:\/\/specialvirke.se\/index.php?rest_route=\/wp\/v2\/pages\/22\/revisions"}],"predecessor-version":[{"id":76,"href":"http:\/\/specialvirke.se\/index.php?rest_route=\/wp\/v2\/pages\/22\/revisions\/76"}],"wp:featuredmedia":[{"embeddable":true,"href":"http:\/\/specialvirke.se\/index.php?rest_route=\/wp\/v2\/media\/65"}],"wp:attachment":[{"href":"http:\/\/specialvirke.se\/index.php?rest_route=%2Fwp%2Fv2%2Fmedia&parent=22"}],"curies":[{"name":"wp","href":"https:\/\/api.w.org\/{rel}","templated":true}]}}