{"id":25,"date":"2015-03-25T15:32:06","date_gmt":"2015-03-25T14:32:06","guid":{"rendered":"http:\/\/specialvirke.se\/?page_id=25"},"modified":"2019-08-20T14:40:13","modified_gmt":"2019-08-20T12:40:13","slug":"vara-sortiment","status":"publish","type":"page","link":"http:\/\/specialvirke.se\/?page_id=25","title":{"rendered":"V\u00e5ra sortiment"},"content":{"rendered":"<p><b>Specialsortiment<\/b><\/p>\n<p>Aktuella sortiment 2015<\/p>\n<p>V\u00e4nerblock &#8211; <a href=\"http:\/\/specialvirke.se\/wp-content\/uploads\/2015\/03\/VANERBLOCK.pdf\" target=\"_blank\">mer info &gt;&gt;&gt;<\/a><\/p>\n<p>Stamblock av tall &#8211; <a href=\"http:\/\/specialvirke.se\/wp-content\/uploads\/2015\/03\/Tallstamblock.pdf\" target=\"_blank\">mer info &gt;&gt;&gt;<\/a><\/p>\n<p>Stamblock av gran &#8211; <a href=\"http:\/\/specialvirke.se\/wp-content\/uploads\/2015\/03\/Granstamblock.pdf\" target=\"_blank\">mer info &gt;&gt;&gt;<\/a><\/p>\n<p>Barrtimmer av \u201dudda\u201d barrtr\u00e4dslag<\/p>\n<p>Stolpar &#8211; <a href=\"http:\/\/specialvirke.se\/wp-content\/uploads\/2015\/03\/Stolpar.pdf\" target=\"_blank\">mer info &gt;&gt;&gt;<\/a><\/p>\n<p>L\u00f6vtimmer av samtliga l\u00f6vtr\u00e4dslag &#8211; <a href=\"http:\/\/specialvirke.se\/wp-content\/uploads\/2015\/03\/L\u00f6vtimmer.pdf\" target=\"_blank\">mer info &gt;&gt;&gt;<\/a><\/p>\n<p>L\u00f6vkubb<\/p>\n<p>T\u00e4ndsticksvirke &#8211; <a href=\"http:\/\/specialvirke.se\/wp-content\/uploads\/2015\/03\/T\u00e4ndsticksvirke.pdf\" target=\"_blank\">mer info &gt;&gt;&gt;<\/a><\/p>\n<p>Ta kontakt med Anders\u00a0f\u00f6r ytterligare information om sortimentsbest\u00e4mmelser, m\u00e5tt och priser.<\/p>\n<p>&nbsp;<\/p>\n<p><b>Timmer och Klentimmer\/S\u00e5gkubb samt Massaved<\/b><\/p>\n<p>Ta kontakt med Anders\u00a0f\u00f6r mer information ang\u00e5ende priser och sortimentsbest\u00e4mmelser f\u00f6r respektive sortiment.<\/p>\n<p>&nbsp;<\/p>\n<p><strong>Kontaktperson<\/strong><br \/>\n<img loading=\"lazy\" decoding=\"async\" class=\"alignleft size-thumbnail wp-image-55\" src=\"http:\/\/cesonskog.se\/specialvirke\/wp-content\/uploads\/2015\/03\/SP-150206-4429-150x150.jpg\" alt=\"Anders Carlsson, Specialvirke AB. \u00a9 Sven Persson \/ swelo.se\" width=\"150\" height=\"150\" \/><strong>Anders Carlsson<\/strong><br \/>\n0451-849 00<br \/>\n070-537 45 90<\/p>\n<p><a href=\"mailto:anders@specialvirke.se\">anders@specialvirke.se<\/a><\/p>\n","protected":false},"excerpt":{"rendered":"<p>Specialsortiment Aktuella sortiment 2015 V\u00e4nerblock &#8211; mer info &gt;&gt;&gt; Stamblock av tall &#8211; mer info &gt;&gt;&gt; Stamblock av gran &#8211; mer info &gt;&gt;&gt; Barrtimmer av \u201dudda\u201d barrtr\u00e4dslag Stolpar &#8211; mer info &gt;&gt;&gt; L\u00f6vtimmer av samtliga l\u00f6vtr\u00e4dslag &#8211; mer info &gt;&gt;&gt; L\u00f6vkubb T\u00e4ndsticksvirke &#8211; mer info &gt;&gt;&gt; Ta kontakt med Anders\u00a0f\u00f6r ytterligare information om sortimentsbest\u00e4mmelser, m\u00e5tt [&hellip;]<\/p>\n","protected":false},"author":1,"featured_media":62,"parent":0,"menu_order":0,"comment_status":"open","ping_status":"open","template":"","meta":{"footnotes":""},"_links":{"self":[{"href":"http:\/\/specialvirke.se\/index.php?rest_route=\/wp\/v2\/pages\/25"}],"collection":[{"href":"http:\/\/specialvirke.se\/index.php?rest_route=\/wp\/v2\/pages"}],"about":[{"href":"http:\/\/specialvirke.se\/index.php?rest_route=\/wp\/v2\/types\/page"}],"author":[{"embeddable":true,"href":"http:\/\/specialvirke.se\/index.php?rest_route=\/wp\/v2\/users\/1"}],"replies":[{"embeddable":true,"href":"http:\/\/specialvirke.se\/index.php?rest_route=%2Fwp%2Fv2%2Fcomments&post=25"}],"version-history":[{"count":4,"href":"http:\/\/specialvirke.se\/index.php?rest_route=\/wp\/v2\/pages\/25\/revisions"}],"predecessor-version":[{"id":51,"href":"http:\/\/specialvirke.se\/index.php?rest_route=\/wp\/v2\/pages\/25\/revisions\/51"}],"wp:featuredmedia":[{"embeddable":true,"href":"http:\/\/specialvirke.se\/index.php?rest_route=\/wp\/v2\/media\/62"}],"wp:attachment":[{"href":"http:\/\/specialvirke.se\/index.php?rest_route=%2Fwp%2Fv2%2Fmedia&parent=25"}],"curies":[{"name":"wp","href":"https:\/\/api.w.org\/{rel}","templated":true}]}}